{"id":102,"date":"2022-01-27T18:29:07","date_gmt":"2022-01-27T18:29:07","guid":{"rendered":"https:\/\/die-perspektivenentwicklung.imdialog.net\/?page_id=102"},"modified":"2022-01-29T20:51:21","modified_gmt":"2022-01-29T20:51:21","slug":"agb","status":"publish","type":"page","link":"https:\/\/die-perspektivenentwicklung.imdialog.net\/?page_id=102","title":{"rendered":"AGB"},"content":{"rendered":"\n<p><strong>Allgemeine Gesch\u00e4ftsbedingungen (AGB)<\/strong>, Stand Februar 2022<\/p>\n\n\n\n<p><strong>Allgemeines<\/strong><\/p>\n\n\n\n<p>Bettina M\u00fcller, \u201eDie Perspektiventwicklung\u201c bietet Einzelcoaching und -beratung sowie Kurse und Workshops f\u00fcr Gruppen an.<\/p>\n\n\n\n<p><strong>Auftr\u00e4ge Coaching<\/strong><\/p>\n\n\n\n<p>Die Auftragserteilung erfolgt schriftlich durch Best\u00e4tigung per E-Mail. Die Auftragnehmerin (Coach) ist ausgebildeter und zertifizierter Coach. Coaching ist kein Ersatz f\u00fcr Therapie und auch klar abzugrenzen von anderen Beratungsformen, bei denen ein Experte\/ eine Expertin Fachausk\u00fcnfte und Ratschl\u00e4ge erteilt. Der Coach \u00fcbernimmt keine Haftung f\u00fcr Handlungen des Auftraggebers (Kunde, Kundin), die aus dem Coaching erfolgen. Es kann keine Garantie abgegeben werden, dass der Kunde\/die Kundin eine f\u00fcr sich passende L\u00f6sung findet.<\/p>\n\n\n\n<p>Eine Coaching-Einheit dauert, sofern nicht anders angegeben und vereinbart, 60 Minuten. Nach vorheriger Absprache sind je nach Zielsetzung und Thema auch 90 Minuten oder dar\u00fcber hinaus m\u00f6glich und sinnvoll, beispielsweise auch ein Blockzeit von drei Stunden. Dies wird vorab individuell vereinbart.<\/p>\n\n\n\n<p>Die Coachings finden vorzugsweise in Pr\u00e4senz statt, in Ausnahmef\u00e4llen auch telefonisch oder online. Anmeldungen sind per E-Mail oder telefonisch mit anschlie\u00dfender E-Mail-Best\u00e4tigung m\u00f6glich.<\/p>\n\n\n\n<p><strong>Zahlungsmodalit\u00e4ten und Stornobedingungen<\/strong><\/p>\n\n\n\n<p>Das Einstiegs- und Orientierungscoaching ist vor Ort in bar zu begleichen. Alle weiteren Coachings werden in Rechnung gestellt und sind zahlbar ohne jeden Abzug innerhalb der auf der Rechnung angegebenen Frist. Online-Coachings werden in Rechnung gestellt und sind innerhalb der auf der Rechnung angegebenen Frist zu zahlen.<\/p>\n\n\n\n<p>Die Auftragnehmerin verrechnet den tats\u00e4chlich angefallenen Zeitaufwand. Dies betrifft auch Begleitung per Mail und Telefon zwischen den fix vereinbarten Coachingterminen. Sie ist diesbez\u00fcglich Ihren Kunden und Kundinnen gegen\u00fcber jederzeit transparent.<\/p>\n\n\n\n<p>Die Auftragnehmerin (Coach) ist berechtigt, dem Auftraggeber\/der Auftragnehmerin (Kunde\/Kundin) Rechnungen in elektronischer Form zu \u00fcbermitteln. Der\/die Auftraggeber\/in erkl\u00e4rt sich mit der Zusendung von Rechnungen in elektronischer Form durch die Auftragserteilung einverstanden.<\/p>\n\n\n\n<p>Abmeldungen von bereits vereinbarten Coaching-Terminen sind bis sp\u00e4testens 24 Stunden vor dem vereinbarten Termin telefonisch oder per E-Mail zu t\u00e4tigen. Danach wird ein Betrag von 50% des vereinbarten Honorars f\u00e4llig. Sollte der Kunde\/die Kundin einen vereinbarten Termin wegen Krankheit nicht wahrnehmen, kann einmalig kostenfrei ein neuer Beratungstermin vereinbart werden.<\/p>\n\n\n\n<p>Sollte die Auftragnehmerin (Coach) eine Sitzung aufgrund von Krankheit oder h\u00f6herer Gewalt absagen m\u00fcssen, wird sie die Kundin\/den Kunden umgehend dar\u00fcber in Kenntnis setzen. Eine Honorarberechnung erfolgt in diesem Falle nat\u00fcrlich nicht. Weitergehende Anspr\u00fcche (z. B. f\u00fcr Reise- oder Hotelkosten) sind ausgeschlossen.<\/p>\n\n\n\n<p><strong>Vertraulichkeit und Datenschutz<\/strong><\/p>\n\n\n\n<p>Die Auftragnehmerin verpflichtet sich, s\u00e4mtliche Informationen ihrer Auftraggeber vertraulich zu behandeln und Stillschweigen dar\u00fcber einzuhalten, sowie gesammelte Personendaten technisch und administratorisch angemessen zu sch\u00fctzen.<\/p>\n\n\n\n<p>Eventuelle Audio-Aufzeichnungen von Gruppenveranstaltungen werden vom Coach\/der Veranstalterin kommuniziert, auch eine etwaige Weiterverwendung. In diesem Fall kann aus Vertraulichkeitsgr\u00fcnden vereinbart werden, nur die Vornamen zu verwenden oder sich auch anonym zu Wort zu melden.<\/p>\n\n\n\n<p>Siehe dazu auch die <a href=\"https:\/\/die-perspektivenentwicklung.imdialog.net\/?page_id=23\" target=\"_blank\" rel=\"noreferrer noopener\">Datenschutzerkl\u00e4rung<\/a><\/p>\n","protected":false},"excerpt":{"rendered":"<p>Allgemeine Gesch\u00e4ftsbedingungen (AGB), Stand Februar 2022 Allgemeines Bettina M\u00fcller, \u201eDie Perspektiventwicklung\u201c bietet Einzelcoaching und -beratung sowie Kurse und Workshops f\u00fcr&hellip;<\/p>\n","protected":false},"author":1,"featured_media":247,"parent":0,"menu_order":15,"comment_status":"closed","ping_status":"closed","template":"","meta":{"footnotes":""},"yoast_head":"<!-- This site is optimized with the Yoast SEO plugin v22.1 - https:\/\/yoast.com\/wordpress\/plugins\/seo\/ -->\n<title>AGB - Die Perspektiventwicklung<\/title>\n<meta name=\"robots\" content=\"noindex, follow, max-snippet:-1, max-image-preview:large, max-video-preview:-1\" \/>\n<meta property=\"og:locale\" content=\"de_DE\" \/>\n<meta property=\"og:type\" content=\"article\" \/>\n<meta property=\"og:title\" content=\"AGB - Die Perspektiventwicklung\" \/>\n<meta property=\"og:description\" content=\"Allgemeine Gesch\u00e4ftsbedingungen (AGB), Stand Februar 2022 Allgemeines Bettina M\u00fcller, \u201eDie Perspektiventwicklung\u201c bietet Einzelcoaching und -beratung sowie Kurse und Workshops f\u00fcr&hellip;\" \/>\n<meta property=\"og:url\" content=\"https:\/\/die-perspektivenentwicklung.imdialog.net\/?page_id=102\" \/>\n<meta property=\"og:site_name\" content=\"Die Perspektiventwicklung\" \/>\n<meta property=\"article:modified_time\" content=\"2022-01-29T20:51:21+00:00\" \/>\n<meta property=\"og:image\" content=\"https:\/\/die-perspektivenentwicklung.imdialog.net\/wp-content\/uploads\/2022\/01\/cropped-Photo-by-XPS-on-Unsplash.jpg\" \/>\n\t<meta property=\"og:image:width\" content=\"2400\" \/>\n\t<meta property=\"og:image:height\" content=\"1299\" \/>\n\t<meta property=\"og:image:type\" content=\"image\/jpeg\" \/>\n<meta name=\"twitter:card\" content=\"summary_large_image\" \/>\n<meta name=\"twitter:label1\" content=\"Gesch\u00e4tzte Lesezeit\" \/>\n\t<meta name=\"twitter:data1\" content=\"3\u00a0Minuten\" \/>\n<script type=\"application\/ld+json\" class=\"yoast-schema-graph\">{\"@context\":\"https:\/\/schema.org\",\"@graph\":[{\"@type\":\"WebPage\",\"@id\":\"https:\/\/die-perspektivenentwicklung.imdialog.net\/?page_id=102\",\"url\":\"https:\/\/die-perspektivenentwicklung.imdialog.net\/?page_id=102\",\"name\":\"AGB - Die Perspektiventwicklung\",\"isPartOf\":{\"@id\":\"https:\/\/die-perspektivenentwicklung.imdialog.net\/#website\"},\"datePublished\":\"2022-01-27T18:29:07+00:00\",\"dateModified\":\"2022-01-29T20:51:21+00:00\",\"breadcrumb\":{\"@id\":\"https:\/\/die-perspektivenentwicklung.imdialog.net\/?page_id=102#breadcrumb\"},\"inLanguage\":\"de\",\"potentialAction\":[{\"@type\":\"ReadAction\",\"target\":[\"https:\/\/die-perspektivenentwicklung.imdialog.net\/?page_id=102\"]}]},{\"@type\":\"BreadcrumbList\",\"@id\":\"https:\/\/die-perspektivenentwicklung.imdialog.net\/?page_id=102#breadcrumb\",\"itemListElement\":[{\"@type\":\"ListItem\",\"position\":1,\"name\":\"Home\",\"item\":\"https:\/\/die-perspektivenentwicklung.imdialog.net\/\"},{\"@type\":\"ListItem\",\"position\":2,\"name\":\"AGB\"}]},{\"@type\":\"WebSite\",\"@id\":\"https:\/\/die-perspektivenentwicklung.imdialog.net\/#website\",\"url\":\"https:\/\/die-perspektivenentwicklung.imdialog.net\/\",\"name\":\"Die Perspektiventwicklung\",\"description\":\"Begleitung in beruflichen und pers\u00f6nlichen Ver\u00e4nderungsprozessen\",\"potentialAction\":[{\"@type\":\"SearchAction\",\"target\":{\"@type\":\"EntryPoint\",\"urlTemplate\":\"https:\/\/die-perspektivenentwicklung.imdialog.net\/?s={search_term_string}\"},\"query-input\":\"required name=search_term_string\"}],\"inLanguage\":\"de\"}]}<\/script>\n<!-- \/ Yoast SEO plugin. -->","yoast_head_json":{"title":"AGB - Die Perspektiventwicklung","robots":{"index":"noindex","follow":"follow","max-snippet":"max-snippet:-1","max-image-preview":"max-image-preview:large","max-video-preview":"max-video-preview:-1"},"og_locale":"de_DE","og_type":"article","og_title":"AGB - Die Perspektiventwicklung","og_description":"Allgemeine Gesch\u00e4ftsbedingungen (AGB), Stand Februar 2022 Allgemeines Bettina M\u00fcller, \u201eDie Perspektiventwicklung\u201c bietet Einzelcoaching und -beratung sowie Kurse und Workshops f\u00fcr&hellip;","og_url":"https:\/\/die-perspektivenentwicklung.imdialog.net\/?page_id=102","og_site_name":"Die Perspektiventwicklung","article_modified_time":"2022-01-29T20:51:21+00:00","og_image":[{"width":2400,"height":1299,"url":"https:\/\/die-perspektivenentwicklung.imdialog.net\/wp-content\/uploads\/2022\/01\/cropped-Photo-by-XPS-on-Unsplash.jpg","type":"image\/jpeg"}],"twitter_card":"summary_large_image","twitter_misc":{"Gesch\u00e4tzte Lesezeit":"3\u00a0Minuten"},"schema":{"@context":"https:\/\/schema.org","@graph":[{"@type":"WebPage","@id":"https:\/\/die-perspektivenentwicklung.imdialog.net\/?page_id=102","url":"https:\/\/die-perspektivenentwicklung.imdialog.net\/?page_id=102","name":"AGB - Die Perspektiventwicklung","isPartOf":{"@id":"https:\/\/die-perspektivenentwicklung.imdialog.net\/#website"},"datePublished":"2022-01-27T18:29:07+00:00","dateModified":"2022-01-29T20:51:21+00:00","breadcrumb":{"@id":"https:\/\/die-perspektivenentwicklung.imdialog.net\/?page_id=102#breadcrumb"},"inLanguage":"de","potentialAction":[{"@type":"ReadAction","target":["https:\/\/die-perspektivenentwicklung.imdialog.net\/?page_id=102"]}]},{"@type":"BreadcrumbList","@id":"https:\/\/die-perspektivenentwicklung.imdialog.net\/?page_id=102#breadcrumb","itemListElement":[{"@type":"ListItem","position":1,"name":"Home","item":"https:\/\/die-perspektivenentwicklung.imdialog.net\/"},{"@type":"ListItem","position":2,"name":"AGB"}]},{"@type":"WebSite","@id":"https:\/\/die-perspektivenentwicklung.imdialog.net\/#website","url":"https:\/\/die-perspektivenentwicklung.imdialog.net\/","name":"Die Perspektiventwicklung","description":"Begleitung in beruflichen und pers\u00f6nlichen Ver\u00e4nderungsprozessen","potentialAction":[{"@type":"SearchAction","target":{"@type":"EntryPoint","urlTemplate":"https:\/\/die-perspektivenentwicklung.imdialog.net\/?s={search_term_string}"},"query-input":"required name=search_term_string"}],"inLanguage":"de"}]}},"_links":{"self":[{"href":"https:\/\/die-perspektivenentwicklung.imdialog.net\/index.php?rest_route=\/wp\/v2\/pages\/102"}],"collection":[{"href":"https:\/\/die-perspektivenentwicklung.imdialog.net\/index.php?rest_route=\/wp\/v2\/pages"}],"about":[{"href":"https:\/\/die-perspektivenentwicklung.imdialog.net\/index.php?rest_route=\/wp\/v2\/types\/page"}],"author":[{"embeddable":true,"href":"https:\/\/die-perspektivenentwicklung.imdialog.net\/index.php?rest_route=\/wp\/v2\/users\/1"}],"replies":[{"embeddable":true,"href":"https:\/\/die-perspektivenentwicklung.imdialog.net\/index.php?rest_route=%2Fwp%2Fv2%2Fcomments&post=102"}],"version-history":[{"count":8,"href":"https:\/\/die-perspektivenentwicklung.imdialog.net\/index.php?rest_route=\/wp\/v2\/pages\/102\/revisions"}],"predecessor-version":[{"id":208,"href":"https:\/\/die-perspektivenentwicklung.imdialog.net\/index.php?rest_route=\/wp\/v2\/pages\/102\/revisions\/208"}],"wp:featuredmedia":[{"embeddable":true,"href":"https:\/\/die-perspektivenentwicklung.imdialog.net\/index.php?rest_route=\/wp\/v2\/media\/247"}],"wp:attachment":[{"href":"https:\/\/die-perspektivenentwicklung.imdialog.net\/index.php?rest_route=%2Fwp%2Fv2%2Fmedia&parent=102"}],"curies":[{"name":"wp","href":"https:\/\/api.w.org\/{rel}","templated":true}]}}