{"id":13,"date":"2018-10-22T14:52:16","date_gmt":"2018-10-22T14:52:16","guid":{"rendered":"https:\/\/die-perspektivenentwicklung.imdialog.net\/?page_id=13"},"modified":"2022-01-31T19:11:29","modified_gmt":"2022-01-31T19:11:29","slug":"ueber-mich","status":"publish","type":"page","link":"https:\/\/die-perspektivenentwicklung.imdialog.net\/?page_id=13","title":{"rendered":"\u00dcber mich"},"content":{"rendered":"\n<figure class=\"wp-block-image size-full is-resized\"><img loading=\"lazy\" decoding=\"async\" src=\"https:\/\/die-perspektivenentwicklung.imdialog.net\/wp-content\/uploads\/2022\/01\/Bettina-Mueller.jpg\" alt=\"Bettina M\u00fcller Portrait\" class=\"wp-image-181\" width=\"255\" height=\"311\" srcset=\"https:\/\/die-perspektivenentwicklung.imdialog.net\/wp-content\/uploads\/2022\/01\/Bettina-Mueller.jpg 571w, https:\/\/die-perspektivenentwicklung.imdialog.net\/wp-content\/uploads\/2022\/01\/Bettina-Mueller-245x300.jpg 245w\" sizes=\"(max-width: 255px) 100vw, 255px\" \/><\/figure>\n\n\n\n<p>Jg. 1963, geboren und aufgewachsen im Rheinland (Aachen).<\/p>\n\n\n\n<p>Berufliche und pers\u00f6nliche Ver\u00e4nderungen pr\u00e4gen mein Leben, ebenso wie der Wunsch, Neues zu lernen und mich weiter zu entwickeln. Aus eigener Erfahrung wei\u00df ich, wie wichtig in Orientierungsphasen Klarheit und zielgerichtete Unterst\u00fctzung ist.<\/p>\n\n\n\n<p>Deshalb begleite ich gerne Menschen in ihrer (beruflichen) Weiterentwicklung im Rahmen von Einzelberatung und Bildungsangeboten. Ich unterst\u00fctze Sie darin, Ihr pers\u00f6nliches Profil zu sch\u00e4rfen und Klarheit \u00fcber Ihre St\u00e4rken, Interessen und Bed\u00fcrfnisse zu bekommen. Wir entwickeln gemeinsam Strategien zur Zielerreichung und ich begleite Sie mit meinen Erfahrungen und meinem Fachwissen bei der Umsetzung.<\/p>\n\n\n\n<h3 class=\"wp-block-heading\" id=\"meine-qualifikationen\"><strong>Meine Qualifikationen <\/strong><\/h3>\n\n\n\n<ul><li>Berufungscoach Wave (Prof.&nbsp;Alexander Kaiser, Wien), weitere Infos <a href=\"https:\/\/wave.co.at\/\" target=\"_blank\" rel=\"noreferrer noopener\">hier<\/a><\/li><li>Systemische Beraterin (Institut f\u00fcr Syst. Ausbildung und Entwicklung, Weinheim)<\/li><li>Demografie-Coach (Odenwald-Institut)<\/li><li>Personalreferentin und \u201eTrain the Trainer\u201c (WBS Training AG)<\/li><li>Fachreferentin Personalentwicklung (Technische Akademie Esslingen)<\/li><li>Studium Diplom-Theologie (kath.), <br>Bonn und W\u00fcrzburg<\/li><li>Studium Diplom-P\u00e4dagogik, <br>W\u00fcrzburg und Freiburg<\/li><\/ul>\n\n\n\n<h3 class=\"wp-block-heading\" id=\"berufliche-erfahrungen\"><strong>Berufliche Erfahrungen<\/strong><\/h3>\n\n\n\n<p><br>Langj\u00e4hrige Berufserfahrung als Personalentwicklerin, <br>Bildungsreferentin und Beraterin:<\/p>\n\n\n\n<ul><li>Beratung und Coaching von Fach- und F\u00fchrungskr\u00e4ften (Schwerpunkt Berufliche Standortbestimmung)<\/li><li>Beraterin im <a href=\"https:\/\/www.lnwbb.de\/\" target=\"_blank\" rel=\"noreferrer noopener\">Landesnetzwerk Weiterbildungsberatung BW<\/a> in der <br><a href=\"https:\/\/www.keb-rt.de\/\" target=\"_blank\" rel=\"noreferrer noopener\">KEB Kreis<\/a> Reutlingen e.V.<\/li><li>Durchf\u00fchrung von Personalauswahlprozessen und -gespr\u00e4chen<\/li><li>Ausbildung und Leitung von Gruppen<\/li><li>Leitung von \u201eTagen der Orientierung\u201c mit Sch\u00fcler*innen<\/li><li>Durchf\u00fchrung von Workshops (Kommunikation, Berufliche Orientierung, Pers\u00f6nlichkeitsbildung)<\/li><li>Organisation und Leitung von Fachtagungen f\u00fcr F\u00fchrungskr\u00e4fte<\/li><li>Moderation von Arbeits- und kollegialen Beratungsgruppen<br><br><\/li><\/ul>\n\n\n\n<h4 class=\"wp-block-heading\" id=\"stimmen-von-kundinnen-und-kunden\"><strong>Stimmen von Kundinnen und Kunden: <\/strong><\/h4>\n\n\n\n<p><em>\u201eIch konnte nach nur wenigen Terminen eine klare Perspektive f\u00fcr mich entwickeln. Ich wusste bereits nach dem ersten Treffen, dass mich das Coaching weiterbringen wird. Meine berufliche Zukunft scheint mir nun weitaus greifbarer und ich bin deutlich zuversichtlicher, dass ich meinen Zielen n\u00e4her kommen kann. Ich bin sehr dankbar f\u00fcr die professionelle und methodisch vielf\u00e4ltige Unterst\u00fctzung. Mit ihrer wohlwollenden, wertsch\u00e4tzenden und kompetenten Art hat Frau M\u00fcller wesentlich dazu beigetragen, Ordnung in mein Chaos zu bringen.\u201c<\/em><\/p>\n\n\n\n<p><em>\u201eDurch die zielorientierte und gut strukturierte Beratung konnte ich mich und meine berufliche Perspektive sehr gut einsch\u00e4tzen lernen und entsprechende Ver\u00e4nderungen vornehmen. Sehr engagiert und einf\u00fchlsam, dabei aber auch klar und direkt.\u201c<\/em><\/p>\n\n\n\n<p><em>\u201eFrau M\u00fcller geht sehr strukturiert in den Beratungsprozess, sie stellt genaue Fragen nach der eigenen Motivation und hat mir erm\u00f6glicht f\u00fcr mich selbst herauszufinden, was ich als n\u00e4chstes tun m\u00f6chte und wo meine eigentlichen Talente und F\u00e4higkeiten liegen. Und jetzt beginne ich jetzt tats\u00e4chlich mit einer neuen T\u00e4tigkeit.\u201c<\/em><\/p>\n","protected":false},"excerpt":{"rendered":"<p>Jg. 1963, geboren und aufgewachsen im Rheinland (Aachen). Berufliche und pers\u00f6nliche Ver\u00e4nderungen pr\u00e4gen mein Leben, ebenso wie der Wunsch, Neues&hellip;<\/p>\n","protected":false},"author":1,"featured_media":126,"parent":0,"menu_order":4,"comment_status":"closed","ping_status":"closed","template":"","meta":{"footnotes":""},"yoast_head":"<!-- This site is optimized with the Yoast SEO plugin v22.1 - https:\/\/yoast.com\/wordpress\/plugins\/seo\/ -->\n<title>\u00dcber mich - Die Perspektiventwicklung<\/title>\n<meta name=\"robots\" content=\"noindex, follow, max-snippet:-1, max-image-preview:large, max-video-preview:-1\" \/>\n<meta property=\"og:locale\" content=\"de_DE\" \/>\n<meta property=\"og:type\" content=\"article\" \/>\n<meta property=\"og:title\" content=\"\u00dcber mich - Die Perspektiventwicklung\" \/>\n<meta property=\"og:description\" content=\"Jg. 1963, geboren und aufgewachsen im Rheinland (Aachen). Berufliche und pers\u00f6nliche Ver\u00e4nderungen pr\u00e4gen mein Leben, ebenso wie der Wunsch, Neues&hellip;\" \/>\n<meta property=\"og:url\" content=\"https:\/\/die-perspektivenentwicklung.imdialog.net\/?page_id=13\" \/>\n<meta property=\"og:site_name\" content=\"Die Perspektiventwicklung\" \/>\n<meta property=\"article:modified_time\" content=\"2022-01-31T19:11:29+00:00\" \/>\n<meta property=\"og:image\" content=\"https:\/\/die-perspektivenentwicklung.imdialog.net\/wp-content\/uploads\/2022\/01\/cropped-Bettina-Mueller-Begleitung.jpg\" \/>\n\t<meta property=\"og:image:width\" content=\"2400\" \/>\n\t<meta property=\"og:image:height\" content=\"436\" \/>\n\t<meta property=\"og:image:type\" content=\"image\/jpeg\" \/>\n<meta name=\"twitter:card\" content=\"summary_large_image\" \/>\n<meta name=\"twitter:label1\" content=\"Gesch\u00e4tzte Lesezeit\" \/>\n\t<meta name=\"twitter:data1\" content=\"3\u00a0Minuten\" \/>\n<script type=\"application\/ld+json\" class=\"yoast-schema-graph\">{\"@context\":\"https:\/\/schema.org\",\"@graph\":[{\"@type\":\"WebPage\",\"@id\":\"https:\/\/die-perspektivenentwicklung.imdialog.net\/?page_id=13\",\"url\":\"https:\/\/die-perspektivenentwicklung.imdialog.net\/?page_id=13\",\"name\":\"\u00dcber mich - Die Perspektiventwicklung\",\"isPartOf\":{\"@id\":\"https:\/\/die-perspektivenentwicklung.imdialog.net\/#website\"},\"datePublished\":\"2018-10-22T14:52:16+00:00\",\"dateModified\":\"2022-01-31T19:11:29+00:00\",\"breadcrumb\":{\"@id\":\"https:\/\/die-perspektivenentwicklung.imdialog.net\/?page_id=13#breadcrumb\"},\"inLanguage\":\"de\",\"potentialAction\":[{\"@type\":\"ReadAction\",\"target\":[\"https:\/\/die-perspektivenentwicklung.imdialog.net\/?page_id=13\"]}]},{\"@type\":\"BreadcrumbList\",\"@id\":\"https:\/\/die-perspektivenentwicklung.imdialog.net\/?page_id=13#breadcrumb\",\"itemListElement\":[{\"@type\":\"ListItem\",\"position\":1,\"name\":\"Home\",\"item\":\"https:\/\/die-perspektivenentwicklung.imdialog.net\/\"},{\"@type\":\"ListItem\",\"position\":2,\"name\":\"\u00dcber mich\"}]},{\"@type\":\"WebSite\",\"@id\":\"https:\/\/die-perspektivenentwicklung.imdialog.net\/#website\",\"url\":\"https:\/\/die-perspektivenentwicklung.imdialog.net\/\",\"name\":\"Die Perspektiventwicklung\",\"description\":\"Begleitung in beruflichen und pers\u00f6nlichen Ver\u00e4nderungsprozessen\",\"potentialAction\":[{\"@type\":\"SearchAction\",\"target\":{\"@type\":\"EntryPoint\",\"urlTemplate\":\"https:\/\/die-perspektivenentwicklung.imdialog.net\/?s={search_term_string}\"},\"query-input\":\"required name=search_term_string\"}],\"inLanguage\":\"de\"}]}<\/script>\n<!-- \/ Yoast SEO plugin. -->","yoast_head_json":{"title":"\u00dcber mich - Die Perspektiventwicklung","robots":{"index":"noindex","follow":"follow","max-snippet":"max-snippet:-1","max-image-preview":"max-image-preview:large","max-video-preview":"max-video-preview:-1"},"og_locale":"de_DE","og_type":"article","og_title":"\u00dcber mich - Die Perspektiventwicklung","og_description":"Jg. 1963, geboren und aufgewachsen im Rheinland (Aachen). Berufliche und pers\u00f6nliche Ver\u00e4nderungen pr\u00e4gen mein Leben, ebenso wie der Wunsch, Neues&hellip;","og_url":"https:\/\/die-perspektivenentwicklung.imdialog.net\/?page_id=13","og_site_name":"Die Perspektiventwicklung","article_modified_time":"2022-01-31T19:11:29+00:00","og_image":[{"width":2400,"height":436,"url":"https:\/\/die-perspektivenentwicklung.imdialog.net\/wp-content\/uploads\/2022\/01\/cropped-Bettina-Mueller-Begleitung.jpg","type":"image\/jpeg"}],"twitter_card":"summary_large_image","twitter_misc":{"Gesch\u00e4tzte Lesezeit":"3\u00a0Minuten"},"schema":{"@context":"https:\/\/schema.org","@graph":[{"@type":"WebPage","@id":"https:\/\/die-perspektivenentwicklung.imdialog.net\/?page_id=13","url":"https:\/\/die-perspektivenentwicklung.imdialog.net\/?page_id=13","name":"\u00dcber mich - Die Perspektiventwicklung","isPartOf":{"@id":"https:\/\/die-perspektivenentwicklung.imdialog.net\/#website"},"datePublished":"2018-10-22T14:52:16+00:00","dateModified":"2022-01-31T19:11:29+00:00","breadcrumb":{"@id":"https:\/\/die-perspektivenentwicklung.imdialog.net\/?page_id=13#breadcrumb"},"inLanguage":"de","potentialAction":[{"@type":"ReadAction","target":["https:\/\/die-perspektivenentwicklung.imdialog.net\/?page_id=13"]}]},{"@type":"BreadcrumbList","@id":"https:\/\/die-perspektivenentwicklung.imdialog.net\/?page_id=13#breadcrumb","itemListElement":[{"@type":"ListItem","position":1,"name":"Home","item":"https:\/\/die-perspektivenentwicklung.imdialog.net\/"},{"@type":"ListItem","position":2,"name":"\u00dcber mich"}]},{"@type":"WebSite","@id":"https:\/\/die-perspektivenentwicklung.imdialog.net\/#website","url":"https:\/\/die-perspektivenentwicklung.imdialog.net\/","name":"Die Perspektiventwicklung","description":"Begleitung in beruflichen und pers\u00f6nlichen Ver\u00e4nderungsprozessen","potentialAction":[{"@type":"SearchAction","target":{"@type":"EntryPoint","urlTemplate":"https:\/\/die-perspektivenentwicklung.imdialog.net\/?s={search_term_string}"},"query-input":"required name=search_term_string"}],"inLanguage":"de"}]}},"_links":{"self":[{"href":"https:\/\/die-perspektivenentwicklung.imdialog.net\/index.php?rest_route=\/wp\/v2\/pages\/13"}],"collection":[{"href":"https:\/\/die-perspektivenentwicklung.imdialog.net\/index.php?rest_route=\/wp\/v2\/pages"}],"about":[{"href":"https:\/\/die-perspektivenentwicklung.imdialog.net\/index.php?rest_route=\/wp\/v2\/types\/page"}],"author":[{"embeddable":true,"href":"https:\/\/die-perspektivenentwicklung.imdialog.net\/index.php?rest_route=\/wp\/v2\/users\/1"}],"replies":[{"embeddable":true,"href":"https:\/\/die-perspektivenentwicklung.imdialog.net\/index.php?rest_route=%2Fwp%2Fv2%2Fcomments&post=13"}],"version-history":[{"count":8,"href":"https:\/\/die-perspektivenentwicklung.imdialog.net\/index.php?rest_route=\/wp\/v2\/pages\/13\/revisions"}],"predecessor-version":[{"id":272,"href":"https:\/\/die-perspektivenentwicklung.imdialog.net\/index.php?rest_route=\/wp\/v2\/pages\/13\/revisions\/272"}],"wp:featuredmedia":[{"embeddable":true,"href":"https:\/\/die-perspektivenentwicklung.imdialog.net\/index.php?rest_route=\/wp\/v2\/media\/126"}],"wp:attachment":[{"href":"https:\/\/die-perspektivenentwicklung.imdialog.net\/index.php?rest_route=%2Fwp%2Fv2%2Fmedia&parent=13"}],"curies":[{"name":"wp","href":"https:\/\/api.w.org\/{rel}","templated":true}]}}