{"id":15,"date":"2018-10-22T14:52:27","date_gmt":"2018-10-22T14:52:27","guid":{"rendered":"https:\/\/die-perspektivenentwicklung.imdialog.net\/?page_id=15"},"modified":"2022-01-29T20:40:11","modified_gmt":"2022-01-29T20:40:11","slug":"konditionen","status":"publish","type":"page","link":"https:\/\/die-perspektivenentwicklung.imdialog.net\/?page_id=15","title":{"rendered":"Konditionen"},"content":{"rendered":"\n<p><br>Wenn Sie Interesse an meinem Angebot haben, kontaktieren Sie mich per Mail oder telefonisch. Ich melde mich zeitnah bei Ihnen. Siehe <a href=\"https:\/\/die-perspektivenentwicklung.imdialog.net\/?page_id=19\">Kontakt<\/a>.<\/p>\n\n\n\n<p>Im ersten Schritt f\u00fchren wir ein kostenloses Vorgespr\u00e4ch (Telefonat) zur Kl\u00e4rung Ihres Anliegens und k\u00f6nnen einen ersten Termin vereinbaren.<\/p>\n\n\n\n<p>Das Honorar f\u00fcr eine Stunde (60 Minuten) betr\u00e4gt 90,- \u20ac.<\/p>\n\n\n\n<p>F\u00fcr Sch\u00fcler*innen, Auszubildende und Studierende gibt es erm\u00e4\u00dfigte Preise (25 % Nachlass).<\/p>\n\n\n\n<p><em><em>In Einzelf\u00e4llen und nach R\u00fccksprache vergebe ich an Menschen in besonderen finanziellen Notlagen, z. B. wegen Arbeitslosigkeit, einen gewissen Stundenumfang verg\u00fcnstigt. Sprechen Sie mich in diesem Fall gegebenenfalls bitte an.<\/em><\/em><\/p>\n\n\n\n<p>Grundlegend gehe ich davon aus, dass wir die Zusammenarbeit selbst gew\u00e4hlt haben, sie uns wichtig ist und wir Termine und Vereinbarungen einhalten. Meine Arbeit basiert auf Vertrauen. Dennoch zeigt die Erfahrung, dass gewisse Leitlinien f\u00fcr beide Seiten hilfreich sind, weil sie Klarheit schaffen.Bitte geben Sie mir m\u00f6glichst zeitgerecht bekannt, wenn Sie einen bereits vereinbarten Termin nicht einhalten k\u00f6nnen. So kann ich den Termin anderweitig vergeben bzw. die Zeit f\u00fcr anderes nutzen.<br>Siehe auch die <a href=\"https:\/\/die-perspektivenentwicklung.imdialog.net\/?page_id=102\">AGBs<\/a><br><br><br><em>Aufgrund des Kleinunternehmerstatus gem. \u00a7 19 UStG erheben wir keine Umsatzsteuer und weisen diese daher auch nicht aus.<\/em><\/p>\n","protected":false},"excerpt":{"rendered":"<p>Wenn Sie Interesse an meinem Angebot haben, kontaktieren Sie mich per Mail oder telefonisch. Ich melde mich zeitnah bei Ihnen.&hellip;<\/p>\n","protected":false},"author":1,"featured_media":248,"parent":0,"menu_order":5,"comment_status":"closed","ping_status":"closed","template":"","meta":{"footnotes":""},"yoast_head":"<!-- This site is optimized with the Yoast SEO plugin v22.1 - https:\/\/yoast.com\/wordpress\/plugins\/seo\/ -->\n<title>Konditionen - Die Perspektiventwicklung<\/title>\n<meta name=\"robots\" content=\"noindex, follow, max-snippet:-1, max-image-preview:large, max-video-preview:-1\" \/>\n<meta property=\"og:locale\" content=\"de_DE\" \/>\n<meta property=\"og:type\" content=\"article\" \/>\n<meta property=\"og:title\" content=\"Konditionen - Die Perspektiventwicklung\" \/>\n<meta property=\"og:description\" content=\"Wenn Sie Interesse an meinem Angebot haben, kontaktieren Sie mich per Mail oder telefonisch. Ich melde mich zeitnah bei Ihnen.&hellip;\" \/>\n<meta property=\"og:url\" content=\"https:\/\/die-perspektivenentwicklung.imdialog.net\/?page_id=15\" \/>\n<meta property=\"og:site_name\" content=\"Die Perspektiventwicklung\" \/>\n<meta property=\"article:modified_time\" content=\"2022-01-29T20:40:11+00:00\" \/>\n<meta property=\"og:image\" content=\"https:\/\/die-perspektivenentwicklung.imdialog.net\/wp-content\/uploads\/2022\/01\/cropped-Photo-by-Mari-Helin-on-Unsplash.jpg\" \/>\n\t<meta property=\"og:image:width\" content=\"2400\" \/>\n\t<meta property=\"og:image:height\" content=\"1301\" \/>\n\t<meta property=\"og:image:type\" content=\"image\/jpeg\" \/>\n<meta name=\"twitter:card\" content=\"summary_large_image\" \/>\n<meta name=\"twitter:label1\" content=\"Gesch\u00e4tzte Lesezeit\" \/>\n\t<meta name=\"twitter:data1\" content=\"2\u00a0Minuten\" \/>\n<script type=\"application\/ld+json\" class=\"yoast-schema-graph\">{\"@context\":\"https:\/\/schema.org\",\"@graph\":[{\"@type\":\"WebPage\",\"@id\":\"https:\/\/die-perspektivenentwicklung.imdialog.net\/?page_id=15\",\"url\":\"https:\/\/die-perspektivenentwicklung.imdialog.net\/?page_id=15\",\"name\":\"Konditionen - Die Perspektiventwicklung\",\"isPartOf\":{\"@id\":\"https:\/\/die-perspektivenentwicklung.imdialog.net\/#website\"},\"datePublished\":\"2018-10-22T14:52:27+00:00\",\"dateModified\":\"2022-01-29T20:40:11+00:00\",\"breadcrumb\":{\"@id\":\"https:\/\/die-perspektivenentwicklung.imdialog.net\/?page_id=15#breadcrumb\"},\"inLanguage\":\"de\",\"potentialAction\":[{\"@type\":\"ReadAction\",\"target\":[\"https:\/\/die-perspektivenentwicklung.imdialog.net\/?page_id=15\"]}]},{\"@type\":\"BreadcrumbList\",\"@id\":\"https:\/\/die-perspektivenentwicklung.imdialog.net\/?page_id=15#breadcrumb\",\"itemListElement\":[{\"@type\":\"ListItem\",\"position\":1,\"name\":\"Home\",\"item\":\"https:\/\/die-perspektivenentwicklung.imdialog.net\/\"},{\"@type\":\"ListItem\",\"position\":2,\"name\":\"Konditionen\"}]},{\"@type\":\"WebSite\",\"@id\":\"https:\/\/die-perspektivenentwicklung.imdialog.net\/#website\",\"url\":\"https:\/\/die-perspektivenentwicklung.imdialog.net\/\",\"name\":\"Die Perspektiventwicklung\",\"description\":\"Begleitung in beruflichen und pers\u00f6nlichen Ver\u00e4nderungsprozessen\",\"potentialAction\":[{\"@type\":\"SearchAction\",\"target\":{\"@type\":\"EntryPoint\",\"urlTemplate\":\"https:\/\/die-perspektivenentwicklung.imdialog.net\/?s={search_term_string}\"},\"query-input\":\"required name=search_term_string\"}],\"inLanguage\":\"de\"}]}<\/script>\n<!-- \/ Yoast SEO plugin. -->","yoast_head_json":{"title":"Konditionen - Die Perspektiventwicklung","robots":{"index":"noindex","follow":"follow","max-snippet":"max-snippet:-1","max-image-preview":"max-image-preview:large","max-video-preview":"max-video-preview:-1"},"og_locale":"de_DE","og_type":"article","og_title":"Konditionen - Die Perspektiventwicklung","og_description":"Wenn Sie Interesse an meinem Angebot haben, kontaktieren Sie mich per Mail oder telefonisch. Ich melde mich zeitnah bei Ihnen.&hellip;","og_url":"https:\/\/die-perspektivenentwicklung.imdialog.net\/?page_id=15","og_site_name":"Die Perspektiventwicklung","article_modified_time":"2022-01-29T20:40:11+00:00","og_image":[{"width":2400,"height":1301,"url":"https:\/\/die-perspektivenentwicklung.imdialog.net\/wp-content\/uploads\/2022\/01\/cropped-Photo-by-Mari-Helin-on-Unsplash.jpg","type":"image\/jpeg"}],"twitter_card":"summary_large_image","twitter_misc":{"Gesch\u00e4tzte Lesezeit":"2\u00a0Minuten"},"schema":{"@context":"https:\/\/schema.org","@graph":[{"@type":"WebPage","@id":"https:\/\/die-perspektivenentwicklung.imdialog.net\/?page_id=15","url":"https:\/\/die-perspektivenentwicklung.imdialog.net\/?page_id=15","name":"Konditionen - Die Perspektiventwicklung","isPartOf":{"@id":"https:\/\/die-perspektivenentwicklung.imdialog.net\/#website"},"datePublished":"2018-10-22T14:52:27+00:00","dateModified":"2022-01-29T20:40:11+00:00","breadcrumb":{"@id":"https:\/\/die-perspektivenentwicklung.imdialog.net\/?page_id=15#breadcrumb"},"inLanguage":"de","potentialAction":[{"@type":"ReadAction","target":["https:\/\/die-perspektivenentwicklung.imdialog.net\/?page_id=15"]}]},{"@type":"BreadcrumbList","@id":"https:\/\/die-perspektivenentwicklung.imdialog.net\/?page_id=15#breadcrumb","itemListElement":[{"@type":"ListItem","position":1,"name":"Home","item":"https:\/\/die-perspektivenentwicklung.imdialog.net\/"},{"@type":"ListItem","position":2,"name":"Konditionen"}]},{"@type":"WebSite","@id":"https:\/\/die-perspektivenentwicklung.imdialog.net\/#website","url":"https:\/\/die-perspektivenentwicklung.imdialog.net\/","name":"Die Perspektiventwicklung","description":"Begleitung in beruflichen und pers\u00f6nlichen Ver\u00e4nderungsprozessen","potentialAction":[{"@type":"SearchAction","target":{"@type":"EntryPoint","urlTemplate":"https:\/\/die-perspektivenentwicklung.imdialog.net\/?s={search_term_string}"},"query-input":"required name=search_term_string"}],"inLanguage":"de"}]}},"_links":{"self":[{"href":"https:\/\/die-perspektivenentwicklung.imdialog.net\/index.php?rest_route=\/wp\/v2\/pages\/15"}],"collection":[{"href":"https:\/\/die-perspektivenentwicklung.imdialog.net\/index.php?rest_route=\/wp\/v2\/pages"}],"about":[{"href":"https:\/\/die-perspektivenentwicklung.imdialog.net\/index.php?rest_route=\/wp\/v2\/types\/page"}],"author":[{"embeddable":true,"href":"https:\/\/die-perspektivenentwicklung.imdialog.net\/index.php?rest_route=\/wp\/v2\/users\/1"}],"replies":[{"embeddable":true,"href":"https:\/\/die-perspektivenentwicklung.imdialog.net\/index.php?rest_route=%2Fwp%2Fv2%2Fcomments&post=15"}],"version-history":[{"count":5,"href":"https:\/\/die-perspektivenentwicklung.imdialog.net\/index.php?rest_route=\/wp\/v2\/pages\/15\/revisions"}],"predecessor-version":[{"id":239,"href":"https:\/\/die-perspektivenentwicklung.imdialog.net\/index.php?rest_route=\/wp\/v2\/pages\/15\/revisions\/239"}],"wp:featuredmedia":[{"embeddable":true,"href":"https:\/\/die-perspektivenentwicklung.imdialog.net\/index.php?rest_route=\/wp\/v2\/media\/248"}],"wp:attachment":[{"href":"https:\/\/die-perspektivenentwicklung.imdialog.net\/index.php?rest_route=%2Fwp%2Fv2%2Fmedia&parent=15"}],"curies":[{"name":"wp","href":"https:\/\/api.w.org\/{rel}","templated":true}]}}