

{"id":17,"date":"2018-10-22T14:52:55","date_gmt":"2018-10-22T14:52:55","guid":{"rendered":"https:\/\/die-perspektivenentwicklung.imdialog.net\/?page_id=17"},"modified":"2022-01-31T09:55:54","modified_gmt":"2022-01-31T09:55:54","slug":"standort","status":"publish","type":"page","link":"https:\/\/die-perspektivenentwicklung.imdialog.net\/?page_id=17","title":{"rendered":"Standort"},"content":{"rendered":"\n<p><\/p>\n\n\n\n<p><strong>Mein Beratungsraum  befindet sich im M\u00fchlenviertel in T\u00fcbingen<\/strong> <br><strong>Wellbaumweg 2 | 72072 T\u00fcbingen <\/strong><\/p>\n\n\n\n<figure class=\"wp-block-gallery has-nested-images columns-default is-cropped wp-block-gallery-1 is-layout-flex wp-block-gallery-is-layout-flex\">\n<figure class=\"wp-block-image size-large\"><img loading=\"lazy\" decoding=\"async\" width=\"674\" height=\"671\" data-id=\"152\" src=\"https:\/\/die-perspektivenentwicklung.imdialog.net\/wp-content\/uploads\/2022\/01\/Raum-01-1.jpg\" alt=\"\" class=\"wp-image-152\" srcset=\"https:\/\/die-perspektivenentwicklung.imdialog.net\/wp-content\/uploads\/2022\/01\/Raum-01-1.jpg 674w, https:\/\/die-perspektivenentwicklung.imdialog.net\/wp-content\/uploads\/2022\/01\/Raum-01-1-300x300.jpg 300w, https:\/\/die-perspektivenentwicklung.imdialog.net\/wp-content\/uploads\/2022\/01\/Raum-01-1-150x150.jpg 150w\" sizes=\"(max-width: 674px) 100vw, 674px\" \/><\/figure>\n\n\n\n<figure class=\"wp-block-image size-large\"><img loading=\"lazy\" decoding=\"async\" width=\"644\" height=\"915\" data-id=\"153\" src=\"https:\/\/die-perspektivenentwicklung.imdialog.net\/wp-content\/uploads\/2022\/01\/Raum-02-1.jpg\" alt=\"\" class=\"wp-image-153\" srcset=\"https:\/\/die-perspektivenentwicklung.imdialog.net\/wp-content\/uploads\/2022\/01\/Raum-02-1.jpg 644w, https:\/\/die-perspektivenentwicklung.imdialog.net\/wp-content\/uploads\/2022\/01\/Raum-02-1-211x300.jpg 211w\" sizes=\"(max-width: 644px) 100vw, 644px\" \/><\/figure>\n<\/figure>\n\n\n\n<p><br>Sie erreichen das M\u00fchlenviertel per Bus, Rad oder mit dem Auto. Parkm\u00f6glichkeiten finden Sie in den umliegenden Stra\u00dfen, beispielsweise der Paul-Dietz-Stra\u00dfe<em>.<\/em> Der in der Karte angezeigte Parkplatz direkt vor dem Haus steht nicht zur allgemeinen Verf\u00fcgung.<br><br>KARTE<br>\n\n\t\t\t\t<div id=\"map_ol3js_1\" class=\"map undefined\" data-map_name=\"undefined\" data-map=\"map_ol3js_1\" style=\"width:95%; max-width:100%; height:450px; display:block; overflow:hidden;border:2px solid grey;\" >\n\t\t\t\t  <div id=\"map_ol3js_1_popup\" class=\"ol-popup\" >\n\t\t\t\t\t<a href=\"#\" id=\"map_ol3js_1_popup-closer\" class=\"ol-popup-closer\"><\/a>\n\t\t\t\t\t<div id=\"map_ol3js_1_popup-content\" ><\/div>\n\t\t\t\t  <\/div>\n\t\t\t\t<\/div>\n\t\t\t\n\t\t\t\t<link rel=\"stylesheet\" href=\"https:\/\/die-perspektivenentwicklung.imdialog.net\/wp-content\/plugins\/osm\/js\/OL\/7.1.0\/ol.css?ver=7.1.0\" type=\"text\/css\">\n\t\t\t\t<link rel=\"stylesheet\" href=\"https:\/\/die-perspektivenentwicklung.imdialog.net\/wp-content\/plugins\/osm\/css\/osm_map_v3.css?ver=1.0.0\" type=\"text\/css\">\n\t\t\t\t<link rel=\"stylesheet\" href=\"https:\/\/die-perspektivenentwicklung.imdialog.net\/wp-content\/plugins\/osm\/css\/osm_map.css?ver=1.0.0\" type=\"text\/css\">\n\t\t\t\t<!-- The line below is only needed for old environments like Internet Explorer and Android 4.x -->\n                                <script src=\"https:\/\/die-perspektivenentwicklung.imdialog.net\/wp-content\/plugins\/osm\/js\/polyfill\/v2\/polyfill.min.js?features=requestAnimationFrame,Element.prototype.classList,URL\"><\/script>\n\n\t\t\t\t<script src=\"https:\/\/die-perspektivenentwicklung.imdialog.net\/wp-content\/plugins\/osm\/js\/OL\/7.1.0\/ol.js?ver=7.1.0\" type=\"text\/javascript\"><\/script>\n\t\t\t\t<script src=\"https:\/\/die-perspektivenentwicklung.imdialog.net\/wp-content\/plugins\/osm\/js\/osm-v3-plugin-lib.js?ver=1.0.0\" type=\"text\/javascript\"><\/script>\n\t\t\t\t<script src=\"https:\/\/die-perspektivenentwicklung.imdialog.net\/wp-content\/plugins\/osm\/js\/osm-metabox-events.js?ver=1.0.0\" type=\"text\/javascript\"><\/script>\n\t\t\t\t<script src=\"https:\/\/die-perspektivenentwicklung.imdialog.net\/wp-content\/plugins\/osm\/js\/osm-startup-lib.js\" type=\"text\/javascript\"><\/script>\n\t\t\t\t<script type=\"text\/javascript\">\n\t\t\t\t\ttranslations['openlayer'] = \"open layer\";\n\t\t\t\t\ttranslations['openlayerAtStartup'] = \"open layer at startup\";\n\t\t\t\t\ttranslations['generateLink'] = \"Der Link zur Karte mit ausgew\u00e4hlten Overlays und angezeigtem Ausschnitt\";\n\t\t\t\t\ttranslations['shortDescription'] = \"Kurzbeschreibung\";\n\t\t\t\t\ttranslations['generatedShortCode'] = \"to get a text control link paste this code in your wordpress editor\";\n\t\t\t\t\ttranslations['closeLayer'] = \"close layer\";\n\t\t\t\t\ttranslations['cantGenerateLink'] = \"put this string in the existing map short code to control this map\";\n\t\t\t  <\/script>\n\n\n\t\t\t  <script type=\"text\/javascript\">\n\t\t\t  vectorM['map_ol3js_1'] = [];\n\t        \n        var raster = getTileLayer(\"osm\",\"NoKey\");\t\t\t\n\n\t\t\t  var map_ol3js_1 = new ol.Map({\n\t\t\t\tinteractions: ol.interaction.defaults.defaults({mouseWheelZoom:false}),\n\t\t\t\tlayers: [raster],\n\t\t\t\ttarget: \"map_ol3js_1\",\n\t\t\t\tview: new ol.View({\n\t\t\t\t  center: ol.proj.transform([9.0521,48.5028], \"EPSG:4326\", \"EPSG:3857\"),\n\t\t\t\t  zoom: 19.0\n\t\t\t\t})\n\t\t\t  });\n\t\t\t  osm_addMarkerLayer(map_ol3js_1,9.0521,48.5030,\"https:\/\/die-perspektivenentwicklung.imdialog.net\/wp-content\/plugins\/osm\/icons\/mic_gold_stolperstein-L.png\",-16,-41,\"<p><\/p>\") ; \naddControls2Map(map_ol3js_1,0,0,3,1,5,6,7,0,1);\nosm_addPopupClickhandler(map_ol3js_1,  \"map_ol3js_1\"); \nosm_addMouseHover(map_ol3js_1); <\/script><\/p>\n\n\n\n<p><br><\/p>\n","protected":false},"excerpt":{"rendered":"<p>Mein Beratungsraum befindet sich im M\u00fchlenviertel in T\u00fcbingen Wellbaumweg 2 | 72072 T\u00fcbingen Sie erreichen das M\u00fchlenviertel per Bus, Rad&hellip;<\/p>\n","protected":false},"author":1,"featured_media":263,"parent":0,"menu_order":6,"comment_status":"closed","ping_status":"closed","template":"","meta":{"footnotes":""},"yoast_head":"<!-- This site is optimized with the Yoast SEO plugin v22.1 - https:\/\/yoast.com\/wordpress\/plugins\/seo\/ -->\n<title>Standort - Die Perspektiventwicklung<\/title>\n<meta name=\"robots\" content=\"noindex, follow, max-snippet:-1, max-image-preview:large, max-video-preview:-1\" \/>\n<meta property=\"og:locale\" content=\"de_DE\" \/>\n<meta property=\"og:type\" content=\"article\" \/>\n<meta property=\"og:title\" content=\"Standort - Die Perspektiventwicklung\" \/>\n<meta property=\"og:description\" content=\"Mein Beratungsraum befindet sich im M\u00fchlenviertel in T\u00fcbingen Wellbaumweg 2 | 72072 T\u00fcbingen Sie erreichen das M\u00fchlenviertel per Bus, Rad&hellip;\" \/>\n<meta property=\"og:url\" content=\"https:\/\/die-perspektivenentwicklung.imdialog.net\/?page_id=17\" \/>\n<meta property=\"og:site_name\" content=\"Die Perspektiventwicklung\" \/>\n<meta property=\"article:modified_time\" content=\"2022-01-31T09:55:54+00:00\" \/>\n<meta property=\"og:image\" content=\"https:\/\/die-perspektivenentwicklung.imdialog.net\/wp-content\/uploads\/2022\/01\/cropped-IMG_20220130_153128_kl-1.jpg\" \/>\n\t<meta property=\"og:image:width\" content=\"2400\" \/>\n\t<meta property=\"og:image:height\" content=\"1301\" \/>\n\t<meta property=\"og:image:type\" content=\"image\/jpeg\" \/>\n<meta name=\"twitter:card\" content=\"summary_large_image\" \/>\n<meta name=\"twitter:label1\" content=\"Gesch\u00e4tzte Lesezeit\" \/>\n\t<meta name=\"twitter:data1\" content=\"1\u00a0Minute\" \/>\n<script type=\"application\/ld+json\" class=\"yoast-schema-graph\">{\"@context\":\"https:\/\/schema.org\",\"@graph\":[{\"@type\":\"WebPage\",\"@id\":\"https:\/\/die-perspektivenentwicklung.imdialog.net\/?page_id=17\",\"url\":\"https:\/\/die-perspektivenentwicklung.imdialog.net\/?page_id=17\",\"name\":\"Standort - Die Perspektiventwicklung\",\"isPartOf\":{\"@id\":\"https:\/\/die-perspektivenentwicklung.imdialog.net\/#website\"},\"datePublished\":\"2018-10-22T14:52:55+00:00\",\"dateModified\":\"2022-01-31T09:55:54+00:00\",\"breadcrumb\":{\"@id\":\"https:\/\/die-perspektivenentwicklung.imdialog.net\/?page_id=17#breadcrumb\"},\"inLanguage\":\"de\",\"potentialAction\":[{\"@type\":\"ReadAction\",\"target\":[\"https:\/\/die-perspektivenentwicklung.imdialog.net\/?page_id=17\"]}]},{\"@type\":\"BreadcrumbList\",\"@id\":\"https:\/\/die-perspektivenentwicklung.imdialog.net\/?page_id=17#breadcrumb\",\"itemListElement\":[{\"@type\":\"ListItem\",\"position\":1,\"name\":\"Home\",\"item\":\"https:\/\/die-perspektivenentwicklung.imdialog.net\/\"},{\"@type\":\"ListItem\",\"position\":2,\"name\":\"Standort\"}]},{\"@type\":\"WebSite\",\"@id\":\"https:\/\/die-perspektivenentwicklung.imdialog.net\/#website\",\"url\":\"https:\/\/die-perspektivenentwicklung.imdialog.net\/\",\"name\":\"Die Perspektiventwicklung\",\"description\":\"Begleitung in beruflichen und pers\u00f6nlichen Ver\u00e4nderungsprozessen\",\"potentialAction\":[{\"@type\":\"SearchAction\",\"target\":{\"@type\":\"EntryPoint\",\"urlTemplate\":\"https:\/\/die-perspektivenentwicklung.imdialog.net\/?s={search_term_string}\"},\"query-input\":\"required name=search_term_string\"}],\"inLanguage\":\"de\"}]}<\/script>\n<!-- \/ Yoast SEO plugin. -->","yoast_head_json":{"title":"Standort - Die Perspektiventwicklung","robots":{"index":"noindex","follow":"follow","max-snippet":"max-snippet:-1","max-image-preview":"max-image-preview:large","max-video-preview":"max-video-preview:-1"},"og_locale":"de_DE","og_type":"article","og_title":"Standort - Die Perspektiventwicklung","og_description":"Mein Beratungsraum befindet sich im M\u00fchlenviertel in T\u00fcbingen Wellbaumweg 2 | 72072 T\u00fcbingen Sie erreichen das M\u00fchlenviertel per Bus, Rad&hellip;","og_url":"https:\/\/die-perspektivenentwicklung.imdialog.net\/?page_id=17","og_site_name":"Die Perspektiventwicklung","article_modified_time":"2022-01-31T09:55:54+00:00","og_image":[{"width":2400,"height":1301,"url":"https:\/\/die-perspektivenentwicklung.imdialog.net\/wp-content\/uploads\/2022\/01\/cropped-IMG_20220130_153128_kl-1.jpg","type":"image\/jpeg"}],"twitter_card":"summary_large_image","twitter_misc":{"Gesch\u00e4tzte Lesezeit":"1\u00a0Minute"},"schema":{"@context":"https:\/\/schema.org","@graph":[{"@type":"WebPage","@id":"https:\/\/die-perspektivenentwicklung.imdialog.net\/?page_id=17","url":"https:\/\/die-perspektivenentwicklung.imdialog.net\/?page_id=17","name":"Standort - Die Perspektiventwicklung","isPartOf":{"@id":"https:\/\/die-perspektivenentwicklung.imdialog.net\/#website"},"datePublished":"2018-10-22T14:52:55+00:00","dateModified":"2022-01-31T09:55:54+00:00","breadcrumb":{"@id":"https:\/\/die-perspektivenentwicklung.imdialog.net\/?page_id=17#breadcrumb"},"inLanguage":"de","potentialAction":[{"@type":"ReadAction","target":["https:\/\/die-perspektivenentwicklung.imdialog.net\/?page_id=17"]}]},{"@type":"BreadcrumbList","@id":"https:\/\/die-perspektivenentwicklung.imdialog.net\/?page_id=17#breadcrumb","itemListElement":[{"@type":"ListItem","position":1,"name":"Home","item":"https:\/\/die-perspektivenentwicklung.imdialog.net\/"},{"@type":"ListItem","position":2,"name":"Standort"}]},{"@type":"WebSite","@id":"https:\/\/die-perspektivenentwicklung.imdialog.net\/#website","url":"https:\/\/die-perspektivenentwicklung.imdialog.net\/","name":"Die Perspektiventwicklung","description":"Begleitung in beruflichen und pers\u00f6nlichen Ver\u00e4nderungsprozessen","potentialAction":[{"@type":"SearchAction","target":{"@type":"EntryPoint","urlTemplate":"https:\/\/die-perspektivenentwicklung.imdialog.net\/?s={search_term_string}"},"query-input":"required name=search_term_string"}],"inLanguage":"de"}]}},"_links":{"self":[{"href":"https:\/\/die-perspektivenentwicklung.imdialog.net\/index.php?rest_route=\/wp\/v2\/pages\/17"}],"collection":[{"href":"https:\/\/die-perspektivenentwicklung.imdialog.net\/index.php?rest_route=\/wp\/v2\/pages"}],"about":[{"href":"https:\/\/die-perspektivenentwicklung.imdialog.net\/index.php?rest_route=\/wp\/v2\/types\/page"}],"author":[{"embeddable":true,"href":"https:\/\/die-perspektivenentwicklung.imdialog.net\/index.php?rest_route=\/wp\/v2\/users\/1"}],"replies":[{"embeddable":true,"href":"https:\/\/die-perspektivenentwicklung.imdialog.net\/index.php?rest_route=%2Fwp%2Fv2%2Fcomments&post=17"}],"version-history":[{"count":15,"href":"https:\/\/die-perspektivenentwicklung.imdialog.net\/index.php?rest_route=\/wp\/v2\/pages\/17\/revisions"}],"predecessor-version":[{"id":269,"href":"https:\/\/die-perspektivenentwicklung.imdialog.net\/index.php?rest_route=\/wp\/v2\/pages\/17\/revisions\/269"}],"wp:featuredmedia":[{"embeddable":true,"href":"https:\/\/die-perspektivenentwicklung.imdialog.net\/index.php?rest_route=\/wp\/v2\/media\/263"}],"wp:attachment":[{"href":"https:\/\/die-perspektivenentwicklung.imdialog.net\/index.php?rest_route=%2Fwp%2Fv2%2Fmedia&parent=17"}],"curies":[{"name":"wp","href":"https:\/\/api.w.org\/{rel}","templated":true}]}}