{"id":23,"date":"2018-10-22T14:53:54","date_gmt":"2018-10-22T14:53:54","guid":{"rendered":"https:\/\/die-perspektivenentwicklung.imdialog.net\/?page_id=23"},"modified":"2022-01-31T10:30:22","modified_gmt":"2022-01-31T10:30:22","slug":"datenschutz","status":"publish","type":"page","link":"https:\/\/die-perspektivenentwicklung.imdialog.net\/?page_id=23","title":{"rendered":"Datenschutz"},"content":{"rendered":"\n<p><\/p>\n\n\n\n<p>Personenbezogene Daten (nachfolgend zumeist nur \u201eDaten\u201c genannt) werden von uns nur im Rahmen der Erforderlichkeit sowie zum Zwecke der Bereitstellung eines funktionsf\u00e4higen und nutzerfreundlichen Internetauftritts, inklusive seiner Inhalte und der dort angebotenen Leistungen, verarbeitet.<br>Mit der nachfolgenden Datenschutzerkl\u00e4rung informieren wir Sie insbesondere \u00fcber Art, Umfang, Zweck, Dauer und Rechtsgrundlage der Verarbeitung personenbezogener Daten, soweit wir entweder allein oder gemeinsam mit anderen \u00fcber die Zwecke und Mittel der Verarbeitung entscheiden. Zudem informieren wir Sie nachfolgend \u00fcber die von uns zu Optimierungszwecken sowie zur Steigerung der Nutzungsqualit\u00e4t eingesetzten Fremdkomponenten, soweit hierdurch Dritte Daten in wiederum eigener Verantwortung verarbeiten.<\/p>\n\n\n\n<p><strong>Unsere Datenschutzerkl\u00e4rung ist wie folgt gegliedert:<\/strong><br>1. Informationen \u00fcber uns als Verantwortliche<br>II. Rechte der Nutzer und Betroffenen<br>III. Informationen zur Datenverarbeitung<br>2. Informationen \u00fcber uns als Verantwortliche<br><br>Verantwortlicher Anbieter dieses Internetauftritts im datenschutzrechtlichen Sinne ist:<br><strong>Bettina M\u00fcller | \u201eDie Perspektiventwicklung\u201c<br>Wellbaumweg 2, 72072 T\u00fcbingen<br>Tel. 07121 2799100<br>info@die-perspektiventwicklung.de<\/strong><br><\/p>\n\n\n\n<p><strong>Rechte der Nutzer und Betroffenen<\/strong><br>Mit Blick auf die nachfolgend noch n\u00e4her beschriebene Datenverarbeitung haben die Nutzer und Betroffenen das Recht<br>\u2022&nbsp;auf Best\u00e4tigung, ob sie betreffende Daten verarbeitet werden, auf Auskunft \u00fcber die verarbeiteten Daten, auf weitere Informationen \u00fcber die Datenverarbeitung sowie auf Kopien der Daten (vgl. auch Art. 15 DSGVO);<br>\u2022&nbsp;auf Berichtigung oder Vervollst\u00e4ndigung unrichtiger bzw. unvollst\u00e4ndiger Daten (vgl. auch Art. 16 DSGVO);<br>\u2022&nbsp;auf unverz\u00fcgliche L\u00f6schung der sie betreffenden Daten (vgl. auch Art. 17 DSGVO), oder, alternativ, soweit eine weitere Verarbeitung gem\u00e4\u00df Art. 17 Abs. 3 DSGVO erforderlich ist, auf Einschr\u00e4nkung der Verarbeitung nach Ma\u00dfgabe von Art. 18 DSGVO;<br>\u2022 auf Erhalt der sie betreffenden und von ihnen bereitgestellten Daten und auf \u00dcbermittlung dieser Daten an andere Anbieter\/Verantwortliche (vgl. auch Art. 20 DSGVO);<br>\u2022 auf Beschwerde gegen\u00fcber der Aufsichtsbeh\u00f6rde, sofern sie der Ansicht sind, dass die sie betreffenden Daten durch den Anbieter unter Versto\u00df gegen datenschutzrechtliche Bestimmungen verarbeitet werden (vgl. auch Art. 77 DSGVO).<br>Dar\u00fcber hinaus ist der Anbieter dazu verpflichtet, alle Empf\u00e4nger, denen gegen\u00fcber Daten durch den Anbieter offengelegt worden sind, \u00fcber jedwede Berichtigung oder L\u00f6schung von Daten oder die Einschr\u00e4nkung der Verarbeitung, die aufgrund der Artikel 16, 17 Abs. 1, 18 DSGVO erfolgt, zu unterrichten. Diese Verpflichtung besteht jedoch nicht, soweit diese Mitteilung unm\u00f6glich oder mit einem unverh\u00e4ltnism\u00e4\u00dfigen Aufwand verbunden ist. Unbeschadet dessen hat der Nutzer ein Recht auf Auskunft \u00fcber diese Empf\u00e4nger.<\/p>\n\n\n\n<p><strong>III. Informationen zur Datenverarbeitung<\/strong><br>Ihre bei Nutzung unseres Internetauftritts verarbeiteten Daten werden gel\u00f6scht oder gesperrt, sobald der Zweck der Speicherung entf\u00e4llt, der L\u00f6schung der Daten keine gesetzlichen Aufbewahrungspflichten entgegenstehen und nachfolgend keine anderslautenden Angaben zu einzelnen Verarbeitungsverfahren gemacht werden.<\/p>\n\n\n\n<p><strong>Serverdaten<\/strong><br>Aus technischen Gr\u00fcnden, insbesondere zur Gew\u00e4hrleistung eines sicheren und stabilen Internetauftritts, werden Daten durch Ihren Internet-Browser an uns bzw. an unseren Webspace-Provider \u00fcbermittelt. Mit diesen sog. Server-Logfiles werden u.a. Typ und Version Ihres Internetbrowsers, das Betriebssystem, die Website, von der aus Sie auf unseren Internetauftritt gewechselt haben (Referrer URL), die Website(s) unseres Internetauftritts, die Sie besuchen, Datum und Uhrzeit des jeweiligen Zugriffs sowie die IP-Adresse des Internetanschlusses, von dem aus die Nutzung unseres Internetauftritts erfolgt, erhoben.<br>Diese so erhobenen Daten werden vorr\u00fcbergehend gespeichert, dies jedoch nicht gemeinsam mit anderen Daten von Ihnen.<br>Diese Speicherung erfolgt auf der Rechtsgrundlage von Art. 6 Abs. 1 lit. f) DSGVO. Unser berechtigtes Interesse liegt in der Verbesserung, Stabilit\u00e4t, Funktionalit\u00e4t und Sicherheit unseres Internetauftritts.<br>Die Daten werden sp\u00e4testens nach sieben Tage wieder gel\u00f6scht, soweit keine weitere Aufbewahrung zu Beweiszwecken erforderlich ist. Andernfalls sind die Daten bis zur endg\u00fcltigen Kl\u00e4rung eines Vorfalls ganz oder teilweise von der L\u00f6schung ausgenommen.<\/p>\n\n\n\n<p><strong>Cookies<\/strong><\/p>\n\n\n\n<p><strong>a) Sitzungs-Cookies\/Session-Cookies<\/strong><br>Wir verwenden mit unserem Internetauftritt sog. Cookies. Cookies sind kleine Textdateien oder andere Speichertechnologien, die durch den von Ihnen eingesetzten Internet-Browser auf Ihrem Endger\u00e4t ablegt und gespeichert werden. Durch diese Cookies werden im individuellen Umfang bestimmte Informationen von Ihnen, wie beispielsweise Ihre Browser- oder Standortdaten oder Ihre IP-Adresse, verarbeitet.<br>Durch diese Verarbeitung wird unser Internetauftritt benutzerfreundlicher, effektiver und sicherer, da die Verarbeitung bspw. die Wiedergabe unseres Internetauftritts in unterschiedlichen Sprachen oder das Angebot einer Warenkorbfunktion erm\u00f6glicht.<br>Rechtsgrundlage dieser Verarbeitung ist Art. 6 Abs. 1 lit b.) DSGVO, sofern diese Cookies Daten zur Vertragsanbahnung oder Vertragsabwicklung verarbeitet werden.<br>Falls die Verarbeitung nicht der Vertragsanbahnung oder Vertragsabwicklung dient, liegt unser berechtigtes Interesse in der Verbesserung der Funktionalit\u00e4t unseres Internetauftritts. Rechtsgrundlage ist in dann Art. 6 Abs. 1 lit. f) DSGVO.<br>Mit Schlie\u00dfen Ihres Internet-Browsers werden diese Session-Cookies gel\u00f6scht.<\/p>\n\n\n\n<p><strong>b) Drittanbieter-Cookies<\/strong><br>Gegebenenfalls werden mit unserem Internetauftritt auch Cookies von Partnerunternehmen, mit denen wir zum Zwecke der Werbung, der Analyse oder der Funktionalit\u00e4ten unseres Internetauftritts zusammenarbeiten, verwendet.<br>Die Einzelheiten hierzu, insbesondere zu den Zwecken und den Rechtsgrundlagen der Verarbeitung solcher Drittanbieter-Cookies, entnehmen Sie bitte den nachfolgenden Informationen.<\/p>\n\n\n\n<p><strong>c) Beseitigungsm\u00f6glichkeit<\/strong><br>Sie k\u00f6nnen die Installation der Cookies durch eine Einstellung Ihres Internet-Browsers verhindern oder einschr\u00e4nken. Ebenfalls k\u00f6nnen Sie bereits gespeicherte Cookies jederzeit l\u00f6schen. Die hierf\u00fcr erforderlichen Schritte und Ma\u00dfnahmen h\u00e4ngen jedoch von Ihrem konkret genutzten Internet-Browser ab. Bei Fragen benutzen Sie daher bitte die Hilfefunktion oder Dokumentation Ihres Internet-Browsers oder wenden sich an dessen Hersteller bzw. Support. Bei sog. Flash-Cookies kann die Verarbeitung allerdings nicht \u00fcber die Einstellungen des Browsers unterbunden werden. Stattdessen m\u00fcssen Sie insoweit die Einstellung Ihres Flash-Players \u00e4ndern. Auch die hierf\u00fcr erforderlichen Schritte und Ma\u00dfnahmen h\u00e4ngen von Ihrem konkret genutzten Flash-Player ab. Bei Fragen benutzen Sie daher bitte ebenso die Hilfefunktion oder Dokumentation Ihres Flash-Players oder wenden sich an den Hersteller bzw. Benutzer-Support.<br>Sollten Sie die Installation der Cookies verhindern oder einschr\u00e4nken, kann dies allerdings dazu f\u00fchren, dass nicht s\u00e4mtliche Funktionen unseres Internetauftritts vollumf\u00e4nglich nutzbar sind.<\/p>\n\n\n\n<p><strong>Kontaktanfragen \/ Kontaktm\u00f6glichkeit<\/strong><br>Sofern Sie per Kontaktformular oder E-Mail mit uns in Kontakt treten, werden die dabei von Ihnen angegebenen Daten zur Bearbeitung Ihrer Anfrage genutzt. Die Angabe der Daten ist zur Bearbeitung und Beantwortung Ihre Anfrage erforderlich \u2013 ohne deren Bereitstellung k\u00f6nnen wir Ihre Anfrage nicht oder allenfalls eingeschr\u00e4nkt beantworten.<br>Rechtsgrundlage f\u00fcr diese Verarbeitung ist Art. 6 Abs. 1 lit. b) DSGVO.<br>Ihre Daten werden gel\u00f6scht, sofern Ihre Anfrage abschlie\u00dfend beantwortet worden ist und der L\u00f6schung keine gesetzlichen Aufbewahrungspflichten entgegenstehen, wie bspw. bei einer sich etwaig anschlie\u00dfenden Vertragsabwicklung.<br><br><strong>OpenStreetMap<\/strong><br>F\u00fcr Anfahrtsbeschreibungen setzen wir OpenStreetMap, einen Dienst der OpenStreetMap Foundation, St John\u2019s Innovation Centre, Cowley Road, Cambridge, CB 4 0 WS, United Kingdom, nachfolgend nur \u201eOpenStreetMap\u201c genannt, ein.<br>Bei Aufruf einer unserer Internetseiten, in die der Dienst OpenStreetMap eingebunden ist, wird durch OpenStreetMap ein Cookie \u00fcber Ihren Internet-Browser auf Ihrem Endger\u00e4t gespeichert. Hierdurch werden Ihre Nutzereinstellungen und Nutzerdaten zum Zwecke der Anzeige der Seite bzw. zur Gew\u00e4hrleistung der Funktionalit\u00e4t des Dienstes OpenStreetMap verarbeitet. Durch diese Verarbeitung kann OpenStreetMap erkennen, von welcher Internetseite Ihre Anfrage gesendet worden ist und an welche IP- Adresse die Darstellung der Anfahrt \u00fcbermittelt werden soll.&nbsp;<br>Rechtsgrundlage ist Art. 6 Abs. 1 lit. f) DSGVO. Unser berechtigtes Interesse liegt in der Optimierung und dem wirtschaftlichen Betrieb unseres Internetauftritts.<br>Sofern Sie mit dieser Verarbeitung nicht einverstanden sind, haben Sie die M\u00f6glichkeit, die Installation der Cookies durch die entsprechenden Einstellungen in Ihrem Internet-Browser zu verhindern. Einzelheiten hierzu finden Sie vorstehend unter dem Punkt \u201eCookies\u201c.<br><br>OpenStreetMap bietet unter&nbsp; <a href=\"https:\/\/wiki.osmfoundation.org\/wiki\/Privacy_Policy\" target=\"_blank\" rel=\"noreferrer noopener\">https:\/\/wiki.osmfoundation.org\/wiki\/Privacy_Policy<\/a><br>weitere Informationen zur Erhebung und Nutzung der Daten sowie zu Ihren Rechten und M\u00f6glichkeiten zum Schutz Ihrer Privatsph\u00e4re an.<\/p>\n\n\n\n<p><em><a href=\"https:\/\/www.ratgeberrecht.eu\/leistungen\/muster-datenschutzerklaerung.html\" target=\"_blank\" rel=\"noreferrer noopener\">Muster-Datenschutzerkl\u00e4rung<\/a> der <a href=\"https:\/\/www.ratgeberrecht.eu\/datenschutz\/datenschutzerklaerung-generator-dsgvo.html\" target=\"_blank\" rel=\"noreferrer noopener\">Anwaltskanzlei Wei\u00df &amp; Partner<\/a><\/em><\/p>\n","protected":false},"excerpt":{"rendered":"<p>Personenbezogene Daten (nachfolgend zumeist nur \u201eDaten\u201c genannt) werden von uns nur im Rahmen der Erforderlichkeit sowie zum Zwecke der Bereitstellung&hellip;<\/p>\n","protected":false},"author":1,"featured_media":251,"parent":0,"menu_order":11,"comment_status":"closed","ping_status":"closed","template":"","meta":{"footnotes":""},"yoast_head":"<!-- This site is optimized with the Yoast SEO plugin v22.1 - https:\/\/yoast.com\/wordpress\/plugins\/seo\/ -->\n<title>Datenschutz - Die Perspektiventwicklung<\/title>\n<meta name=\"robots\" content=\"noindex, follow, max-snippet:-1, max-image-preview:large, max-video-preview:-1\" \/>\n<meta property=\"og:locale\" content=\"de_DE\" \/>\n<meta property=\"og:type\" content=\"article\" \/>\n<meta property=\"og:title\" content=\"Datenschutz - Die Perspektiventwicklung\" \/>\n<meta property=\"og:description\" content=\"Personenbezogene Daten (nachfolgend zumeist nur \u201eDaten\u201c genannt) werden von uns nur im Rahmen der Erforderlichkeit sowie zum Zwecke der Bereitstellung&hellip;\" \/>\n<meta property=\"og:url\" content=\"https:\/\/die-perspektivenentwicklung.imdialog.net\/?page_id=23\" \/>\n<meta property=\"og:site_name\" content=\"Die Perspektiventwicklung\" \/>\n<meta property=\"article:modified_time\" content=\"2022-01-31T10:30:22+00:00\" \/>\n<meta property=\"og:image\" content=\"https:\/\/die-perspektivenentwicklung.imdialog.net\/wp-content\/uploads\/2022\/01\/cropped-Photo-by-Dimitri-Karastelev-on-Unsplash.jpg\" \/>\n\t<meta property=\"og:image:width\" content=\"2400\" \/>\n\t<meta property=\"og:image:height\" content=\"1301\" \/>\n\t<meta property=\"og:image:type\" content=\"image\/jpeg\" \/>\n<meta name=\"twitter:card\" content=\"summary_large_image\" \/>\n<meta name=\"twitter:label1\" content=\"Gesch\u00e4tzte Lesezeit\" \/>\n\t<meta name=\"twitter:data1\" content=\"7\u00a0Minuten\" \/>\n<script type=\"application\/ld+json\" class=\"yoast-schema-graph\">{\"@context\":\"https:\/\/schema.org\",\"@graph\":[{\"@type\":\"WebPage\",\"@id\":\"https:\/\/die-perspektivenentwicklung.imdialog.net\/?page_id=23\",\"url\":\"https:\/\/die-perspektivenentwicklung.imdialog.net\/?page_id=23\",\"name\":\"Datenschutz - Die Perspektiventwicklung\",\"isPartOf\":{\"@id\":\"https:\/\/die-perspektivenentwicklung.imdialog.net\/#website\"},\"datePublished\":\"2018-10-22T14:53:54+00:00\",\"dateModified\":\"2022-01-31T10:30:22+00:00\",\"breadcrumb\":{\"@id\":\"https:\/\/die-perspektivenentwicklung.imdialog.net\/?page_id=23#breadcrumb\"},\"inLanguage\":\"de\",\"potentialAction\":[{\"@type\":\"ReadAction\",\"target\":[\"https:\/\/die-perspektivenentwicklung.imdialog.net\/?page_id=23\"]}]},{\"@type\":\"BreadcrumbList\",\"@id\":\"https:\/\/die-perspektivenentwicklung.imdialog.net\/?page_id=23#breadcrumb\",\"itemListElement\":[{\"@type\":\"ListItem\",\"position\":1,\"name\":\"Home\",\"item\":\"https:\/\/die-perspektivenentwicklung.imdialog.net\/\"},{\"@type\":\"ListItem\",\"position\":2,\"name\":\"Datenschutz\"}]},{\"@type\":\"WebSite\",\"@id\":\"https:\/\/die-perspektivenentwicklung.imdialog.net\/#website\",\"url\":\"https:\/\/die-perspektivenentwicklung.imdialog.net\/\",\"name\":\"Die Perspektiventwicklung\",\"description\":\"Begleitung in beruflichen und pers\u00f6nlichen Ver\u00e4nderungsprozessen\",\"potentialAction\":[{\"@type\":\"SearchAction\",\"target\":{\"@type\":\"EntryPoint\",\"urlTemplate\":\"https:\/\/die-perspektivenentwicklung.imdialog.net\/?s={search_term_string}\"},\"query-input\":\"required name=search_term_string\"}],\"inLanguage\":\"de\"}]}<\/script>\n<!-- \/ Yoast SEO plugin. -->","yoast_head_json":{"title":"Datenschutz - Die Perspektiventwicklung","robots":{"index":"noindex","follow":"follow","max-snippet":"max-snippet:-1","max-image-preview":"max-image-preview:large","max-video-preview":"max-video-preview:-1"},"og_locale":"de_DE","og_type":"article","og_title":"Datenschutz - Die Perspektiventwicklung","og_description":"Personenbezogene Daten (nachfolgend zumeist nur \u201eDaten\u201c genannt) werden von uns nur im Rahmen der Erforderlichkeit sowie zum Zwecke der Bereitstellung&hellip;","og_url":"https:\/\/die-perspektivenentwicklung.imdialog.net\/?page_id=23","og_site_name":"Die Perspektiventwicklung","article_modified_time":"2022-01-31T10:30:22+00:00","og_image":[{"width":2400,"height":1301,"url":"https:\/\/die-perspektivenentwicklung.imdialog.net\/wp-content\/uploads\/2022\/01\/cropped-Photo-by-Dimitri-Karastelev-on-Unsplash.jpg","type":"image\/jpeg"}],"twitter_card":"summary_large_image","twitter_misc":{"Gesch\u00e4tzte Lesezeit":"7\u00a0Minuten"},"schema":{"@context":"https:\/\/schema.org","@graph":[{"@type":"WebPage","@id":"https:\/\/die-perspektivenentwicklung.imdialog.net\/?page_id=23","url":"https:\/\/die-perspektivenentwicklung.imdialog.net\/?page_id=23","name":"Datenschutz - Die Perspektiventwicklung","isPartOf":{"@id":"https:\/\/die-perspektivenentwicklung.imdialog.net\/#website"},"datePublished":"2018-10-22T14:53:54+00:00","dateModified":"2022-01-31T10:30:22+00:00","breadcrumb":{"@id":"https:\/\/die-perspektivenentwicklung.imdialog.net\/?page_id=23#breadcrumb"},"inLanguage":"de","potentialAction":[{"@type":"ReadAction","target":["https:\/\/die-perspektivenentwicklung.imdialog.net\/?page_id=23"]}]},{"@type":"BreadcrumbList","@id":"https:\/\/die-perspektivenentwicklung.imdialog.net\/?page_id=23#breadcrumb","itemListElement":[{"@type":"ListItem","position":1,"name":"Home","item":"https:\/\/die-perspektivenentwicklung.imdialog.net\/"},{"@type":"ListItem","position":2,"name":"Datenschutz"}]},{"@type":"WebSite","@id":"https:\/\/die-perspektivenentwicklung.imdialog.net\/#website","url":"https:\/\/die-perspektivenentwicklung.imdialog.net\/","name":"Die Perspektiventwicklung","description":"Begleitung in beruflichen und pers\u00f6nlichen Ver\u00e4nderungsprozessen","potentialAction":[{"@type":"SearchAction","target":{"@type":"EntryPoint","urlTemplate":"https:\/\/die-perspektivenentwicklung.imdialog.net\/?s={search_term_string}"},"query-input":"required name=search_term_string"}],"inLanguage":"de"}]}},"_links":{"self":[{"href":"https:\/\/die-perspektivenentwicklung.imdialog.net\/index.php?rest_route=\/wp\/v2\/pages\/23"}],"collection":[{"href":"https:\/\/die-perspektivenentwicklung.imdialog.net\/index.php?rest_route=\/wp\/v2\/pages"}],"about":[{"href":"https:\/\/die-perspektivenentwicklung.imdialog.net\/index.php?rest_route=\/wp\/v2\/types\/page"}],"author":[{"embeddable":true,"href":"https:\/\/die-perspektivenentwicklung.imdialog.net\/index.php?rest_route=\/wp\/v2\/users\/1"}],"replies":[{"embeddable":true,"href":"https:\/\/die-perspektivenentwicklung.imdialog.net\/index.php?rest_route=%2Fwp%2Fv2%2Fcomments&post=23"}],"version-history":[{"count":3,"href":"https:\/\/die-perspektivenentwicklung.imdialog.net\/index.php?rest_route=\/wp\/v2\/pages\/23\/revisions"}],"predecessor-version":[{"id":271,"href":"https:\/\/die-perspektivenentwicklung.imdialog.net\/index.php?rest_route=\/wp\/v2\/pages\/23\/revisions\/271"}],"wp:featuredmedia":[{"embeddable":true,"href":"https:\/\/die-perspektivenentwicklung.imdialog.net\/index.php?rest_route=\/wp\/v2\/media\/251"}],"wp:attachment":[{"href":"https:\/\/die-perspektivenentwicklung.imdialog.net\/index.php?rest_route=%2Fwp%2Fv2%2Fmedia&parent=23"}],"curies":[{"name":"wp","href":"https:\/\/api.w.org\/{rel}","templated":true}]}}