{"id":5,"date":"2018-10-22T14:49:38","date_gmt":"2018-10-22T14:49:38","guid":{"rendered":"https:\/\/die-perspektivenentwicklung.imdialog.net\/?page_id=5"},"modified":"2022-01-29T18:37:24","modified_gmt":"2022-01-29T18:37:24","slug":"startseite","status":"publish","type":"page","link":"https:\/\/die-perspektivenentwicklung.imdialog.net\/","title":{"rendered":"Startseite"},"content":{"rendered":"\n<p><\/p>\n\n\n\n<h4 class=\"alignfull has-text-align-left has-medium-font-size wp-block-heading\" id=\"die-perspektiventwicklung-begleitung-in-beruflichen-und-personlichen-veranderungsprozessencoaching-und-beratung\" style=\"font-style:normal;font-weight:400\"><strong>Die Perspektiventwicklung &#8211; Begleitung in beruflichen und pers\u00f6nlichen Ver\u00e4nderungsprozessen<\/strong><\/h4>\n\n\n\n<h4 class=\"has-primary-color has-text-color wp-block-heading\" id=\"die-perspektiventwicklung-begleitung-in-beruflichen-und-personlichen-veranderungsprozessencoaching-und-beratung\"><br>Coaching\u00a0 und\u00a0 Workshops<\/h4>\n\n\n\n<ul class=\"has-primary-color has-text-color\"><li>Klarheit schaffen und Horizonte erweitern&nbsp;&nbsp;&nbsp;&nbsp;&nbsp;&nbsp;&nbsp;&nbsp;&nbsp;&nbsp;&nbsp;&nbsp;&nbsp;&nbsp;&nbsp;&nbsp;&nbsp;&nbsp;&nbsp;&nbsp;&nbsp;&nbsp;&nbsp;&nbsp;&nbsp;&nbsp;&nbsp;&nbsp;&nbsp;&nbsp;&nbsp;&nbsp;&nbsp;&nbsp;&nbsp;&nbsp;&nbsp; <\/li><li>Perspektiven und Strategien entwickeln&nbsp;&nbsp;&nbsp;&nbsp;&nbsp;&nbsp;&nbsp;&nbsp;&nbsp;&nbsp;&nbsp;&nbsp;&nbsp;&nbsp;&nbsp;&nbsp;&nbsp;&nbsp;&nbsp;&nbsp;&nbsp;&nbsp;&nbsp;&nbsp;&nbsp;&nbsp;&nbsp;&nbsp;&nbsp;&nbsp;&nbsp;&nbsp;&nbsp;&nbsp;&nbsp;&nbsp;&nbsp;&nbsp;&nbsp;&nbsp;&nbsp;<\/li><li>\u00dcberg\u00e4nge bewusst und kreativ gestalten<\/li><li>die Zukunft im Blick haben und sich danach ausrichten<br><\/li><\/ul>\n\n\n\n<p class=\"has-text-align-left\"><em>\u201eDie Zukunft hat viele Namen: F\u00fcr Schwache ist sie das Unerreichbare, f\u00fcr die Furchtsamen das Unbekannte, f\u00fcr die Mutigen die Chance.\u201c&nbsp; <\/em>Victor Hugo<\/p>\n","protected":false},"excerpt":{"rendered":"<p>Die Perspektiventwicklung &#8211; Begleitung in beruflichen und pers\u00f6nlichen Ver\u00e4nderungsprozessen Coaching\u00a0 und\u00a0 Workshops Klarheit schaffen und Horizonte erweitern&nbsp;&nbsp;&nbsp;&nbsp;&nbsp;&nbsp;&nbsp;&nbsp;&nbsp;&nbsp;&nbsp;&nbsp;&nbsp;&nbsp;&nbsp;&nbsp;&nbsp;&nbsp;&nbsp;&nbsp;&nbsp;&nbsp;&nbsp;&nbsp;&nbsp;&nbsp;&nbsp;&nbsp;&nbsp;&nbsp;&nbsp;&nbsp;&nbsp;&nbsp;&nbsp;&nbsp;&nbsp; Perspektiven und Strategien&hellip;<\/p>\n","protected":false},"author":1,"featured_media":0,"parent":0,"menu_order":1,"comment_status":"closed","ping_status":"closed","template":"","meta":{"footnotes":""},"yoast_head":"<!-- This site is optimized with the Yoast SEO plugin v22.1 - https:\/\/yoast.com\/wordpress\/plugins\/seo\/ -->\n<title>Startseite - Die Perspektiventwicklung<\/title>\n<meta name=\"robots\" content=\"noindex, follow, max-snippet:-1, max-image-preview:large, max-video-preview:-1\" \/>\n<meta property=\"og:locale\" content=\"de_DE\" \/>\n<meta property=\"og:type\" content=\"article\" \/>\n<meta property=\"og:title\" content=\"Startseite - Die Perspektiventwicklung\" \/>\n<meta property=\"og:description\" content=\"Die Perspektiventwicklung &#8211; Begleitung in beruflichen und pers\u00f6nlichen Ver\u00e4nderungsprozessen Coaching\u00a0 und\u00a0 Workshops Klarheit schaffen und Horizonte erweitern&nbsp;&nbsp;&nbsp;&nbsp;&nbsp;&nbsp;&nbsp;&nbsp;&nbsp;&nbsp;&nbsp;&nbsp;&nbsp;&nbsp;&nbsp;&nbsp;&nbsp;&nbsp;&nbsp;&nbsp;&nbsp;&nbsp;&nbsp;&nbsp;&nbsp;&nbsp;&nbsp;&nbsp;&nbsp;&nbsp;&nbsp;&nbsp;&nbsp;&nbsp;&nbsp;&nbsp;&nbsp; Perspektiven und Strategien&hellip;\" \/>\n<meta property=\"og:url\" content=\"https:\/\/die-perspektivenentwicklung.imdialog.net\/\" \/>\n<meta property=\"og:site_name\" content=\"Die Perspektiventwicklung\" \/>\n<meta property=\"article:modified_time\" content=\"2022-01-29T18:37:24+00:00\" \/>\n<meta name=\"twitter:card\" content=\"summary_large_image\" \/>\n<meta name=\"twitter:label1\" content=\"Gesch\u00e4tzte Lesezeit\" \/>\n\t<meta name=\"twitter:data1\" content=\"1\u00a0Minute\" \/>\n<script type=\"application\/ld+json\" class=\"yoast-schema-graph\">{\"@context\":\"https:\/\/schema.org\",\"@graph\":[{\"@type\":\"WebPage\",\"@id\":\"https:\/\/die-perspektivenentwicklung.imdialog.net\/\",\"url\":\"https:\/\/die-perspektivenentwicklung.imdialog.net\/\",\"name\":\"Startseite - Die Perspektiventwicklung\",\"isPartOf\":{\"@id\":\"https:\/\/die-perspektivenentwicklung.imdialog.net\/#website\"},\"datePublished\":\"2018-10-22T14:49:38+00:00\",\"dateModified\":\"2022-01-29T18:37:24+00:00\",\"breadcrumb\":{\"@id\":\"https:\/\/die-perspektivenentwicklung.imdialog.net\/#breadcrumb\"},\"inLanguage\":\"de\",\"potentialAction\":[{\"@type\":\"ReadAction\",\"target\":[\"https:\/\/die-perspektivenentwicklung.imdialog.net\/\"]}]},{\"@type\":\"BreadcrumbList\",\"@id\":\"https:\/\/die-perspektivenentwicklung.imdialog.net\/#breadcrumb\",\"itemListElement\":[{\"@type\":\"ListItem\",\"position\":1,\"name\":\"Home\",\"item\":\"https:\/\/die-perspektivenentwicklung.imdialog.net\/\"},{\"@type\":\"ListItem\",\"position\":2,\"name\":\"Startseite\"}]},{\"@type\":\"WebSite\",\"@id\":\"https:\/\/die-perspektivenentwicklung.imdialog.net\/#website\",\"url\":\"https:\/\/die-perspektivenentwicklung.imdialog.net\/\",\"name\":\"Die Perspektiventwicklung\",\"description\":\"Begleitung in beruflichen und pers\u00f6nlichen Ver\u00e4nderungsprozessen\",\"potentialAction\":[{\"@type\":\"SearchAction\",\"target\":{\"@type\":\"EntryPoint\",\"urlTemplate\":\"https:\/\/die-perspektivenentwicklung.imdialog.net\/?s={search_term_string}\"},\"query-input\":\"required name=search_term_string\"}],\"inLanguage\":\"de\"}]}<\/script>\n<!-- \/ Yoast SEO plugin. -->","yoast_head_json":{"title":"Startseite - Die Perspektiventwicklung","robots":{"index":"noindex","follow":"follow","max-snippet":"max-snippet:-1","max-image-preview":"max-image-preview:large","max-video-preview":"max-video-preview:-1"},"og_locale":"de_DE","og_type":"article","og_title":"Startseite - Die Perspektiventwicklung","og_description":"Die Perspektiventwicklung &#8211; Begleitung in beruflichen und pers\u00f6nlichen Ver\u00e4nderungsprozessen Coaching\u00a0 und\u00a0 Workshops Klarheit schaffen und Horizonte erweitern&nbsp;&nbsp;&nbsp;&nbsp;&nbsp;&nbsp;&nbsp;&nbsp;&nbsp;&nbsp;&nbsp;&nbsp;&nbsp;&nbsp;&nbsp;&nbsp;&nbsp;&nbsp;&nbsp;&nbsp;&nbsp;&nbsp;&nbsp;&nbsp;&nbsp;&nbsp;&nbsp;&nbsp;&nbsp;&nbsp;&nbsp;&nbsp;&nbsp;&nbsp;&nbsp;&nbsp;&nbsp; Perspektiven und Strategien&hellip;","og_url":"https:\/\/die-perspektivenentwicklung.imdialog.net\/","og_site_name":"Die Perspektiventwicklung","article_modified_time":"2022-01-29T18:37:24+00:00","twitter_card":"summary_large_image","twitter_misc":{"Gesch\u00e4tzte Lesezeit":"1\u00a0Minute"},"schema":{"@context":"https:\/\/schema.org","@graph":[{"@type":"WebPage","@id":"https:\/\/die-perspektivenentwicklung.imdialog.net\/","url":"https:\/\/die-perspektivenentwicklung.imdialog.net\/","name":"Startseite - Die Perspektiventwicklung","isPartOf":{"@id":"https:\/\/die-perspektivenentwicklung.imdialog.net\/#website"},"datePublished":"2018-10-22T14:49:38+00:00","dateModified":"2022-01-29T18:37:24+00:00","breadcrumb":{"@id":"https:\/\/die-perspektivenentwicklung.imdialog.net\/#breadcrumb"},"inLanguage":"de","potentialAction":[{"@type":"ReadAction","target":["https:\/\/die-perspektivenentwicklung.imdialog.net\/"]}]},{"@type":"BreadcrumbList","@id":"https:\/\/die-perspektivenentwicklung.imdialog.net\/#breadcrumb","itemListElement":[{"@type":"ListItem","position":1,"name":"Home","item":"https:\/\/die-perspektivenentwicklung.imdialog.net\/"},{"@type":"ListItem","position":2,"name":"Startseite"}]},{"@type":"WebSite","@id":"https:\/\/die-perspektivenentwicklung.imdialog.net\/#website","url":"https:\/\/die-perspektivenentwicklung.imdialog.net\/","name":"Die Perspektiventwicklung","description":"Begleitung in beruflichen und pers\u00f6nlichen Ver\u00e4nderungsprozessen","potentialAction":[{"@type":"SearchAction","target":{"@type":"EntryPoint","urlTemplate":"https:\/\/die-perspektivenentwicklung.imdialog.net\/?s={search_term_string}"},"query-input":"required name=search_term_string"}],"inLanguage":"de"}]}},"_links":{"self":[{"href":"https:\/\/die-perspektivenentwicklung.imdialog.net\/index.php?rest_route=\/wp\/v2\/pages\/5"}],"collection":[{"href":"https:\/\/die-perspektivenentwicklung.imdialog.net\/index.php?rest_route=\/wp\/v2\/pages"}],"about":[{"href":"https:\/\/die-perspektivenentwicklung.imdialog.net\/index.php?rest_route=\/wp\/v2\/types\/page"}],"author":[{"embeddable":true,"href":"https:\/\/die-perspektivenentwicklung.imdialog.net\/index.php?rest_route=\/wp\/v2\/users\/1"}],"replies":[{"embeddable":true,"href":"https:\/\/die-perspektivenentwicklung.imdialog.net\/index.php?rest_route=%2Fwp%2Fv2%2Fcomments&post=5"}],"version-history":[{"count":16,"href":"https:\/\/die-perspektivenentwicklung.imdialog.net\/index.php?rest_route=\/wp\/v2\/pages\/5\/revisions"}],"predecessor-version":[{"id":236,"href":"https:\/\/die-perspektivenentwicklung.imdialog.net\/index.php?rest_route=\/wp\/v2\/pages\/5\/revisions\/236"}],"wp:attachment":[{"href":"https:\/\/die-perspektivenentwicklung.imdialog.net\/index.php?rest_route=%2Fwp%2Fv2%2Fmedia&parent=5"}],"curies":[{"name":"wp","href":"https:\/\/api.w.org\/{rel}","templated":true}]}}